{"id":3302,"date":"2020-10-29T10:00:55","date_gmt":"2020-10-29T10:00:55","guid":{"rendered":"https:\/\/servicetrace.hawkeye.design\/?page_id=3302"},"modified":"2022-04-27T14:37:34","modified_gmt":"2022-04-27T14:37:34","slug":"login","status":"publish","type":"page","link":"https:\/\/www.servicetrace.com\/de\/login\/","title":{"rendered":"Login"},"content":{"rendered":"<p>[vc_row][vc_column width=&#8221;1\/2&#8243;][vc_custom_heading text_color=&#8221;color-rpa&#8221; separator=&#8221;under&#8221; separator_color=&#8221;yes&#8221; sub_lead=&#8221;yes&#8221;]Sie betreten einen gesch\u00fctzten Bereich.[\/vc_custom_heading][vc_column_text]Das Kundenportal ist ein gesch\u00fctzter Bereich <strong>ausschlie\u00dflich f\u00fcr Kunden und Partner<\/strong>.<\/p>\n<p>Bitte loggen Sie sich mit Ihrem Benutzernamen und Passwort im Sidebar-Men\u00fc ein.<\/p>\n<p>Sie sind das erste Mal hier und ben\u00f6tigen Zugangsdaten? Bitte registrieren Sie sich einmalig.[\/vc_column_text][\/vc_column][vc_column width=&#8221;1\/2&#8243;][vc_column_text]\r\n<div class=\"um um-login um-3614\">\r\n\r\n\t<div class=\"um-form\">\r\n\r\n\t\t<form method=\"post\" action=\"\" autocomplete=\"off\">\r\n\r\n\t\t\t<div class=\"um-row _um_row_1 \" style=\"margin: 0 0 30px 0;\"><div class=\"um-col-1\"><div  id=\"um_field_3614_user_login\" class=\"um-field um-field-text  um-field-user_login um-field-text um-field-type_text\" data-key=\"user_login\"><div class=\"um-field-label\"><label for=\"user_login-3614\">Username<span class=\"um-req\" title=\"Required\">*<\/span><\/label><div class=\"um-clear\"><\/div><\/div><div class=\"um-field-area\"><input  autocomplete=\"off\" class=\"um-form-field valid \" type=\"text\" name=\"user_login-3614\" id=\"user_login-3614\" value=\"\" placeholder=\"\" data-validate=\"unique_username\" data-key=\"user_login\" \/>\r\n\r\n\t\t\t\t\t\t<\/div><\/div><div  id=\"um_field_3614_user_password\" class=\"um-field um-field-password  um-field-user_password um-field-password um-field-type_password\" data-key=\"user_password\"><div class=\"um-field-label\"><label for=\"user_password-3614\">Password<span class=\"um-req\" title=\"Required\">*<\/span><\/label><div class=\"um-clear\"><\/div><\/div><div class=\"um-field-area\"><input class=\"um-form-field valid \" type=\"password\" name=\"user_password-3614\" id=\"user_password-3614\" value=\"\" placeholder=\"\" data-validate=\"\" data-key=\"user_password\" \/>\r\n\r\n\t\t\t\t\t\t<\/div><\/div><\/div><\/div>\t\t<input type=\"hidden\" name=\"form_id\" id=\"form_id_3614\" value=\"3614\" \/>\r\n\t\r\n\t<input type=\"hidden\" name=\"timestamp\" class=\"um_timestamp\" value=\"1775364324\" \/>\r\n\r\n\t<p class=\"um_request_name\">\r\n\t\t<label for=\"um_request_3614\">Only fill in if you are not human<\/label>\r\n\t\t<input type=\"hidden\" name=\"um_request\" id=\"um_request_3614\" class=\"input\" value=\"\" size=\"25\" autocomplete=\"off\" \/>\r\n\t<\/p>\r\n\r\n\t<input type=\"hidden\" name=\"redirect_to\" id=\"redirect_to\" value=\"https:\/\/www.servicetrace.com\/de\/kunden-portal\/\" \/><input type=\"hidden\" id=\"_wpnonce\" name=\"_wpnonce\" value=\"3194e68b33\" \/><input type=\"hidden\" name=\"_wp_http_referer\" value=\"\/de\/wp-json\/wp\/v2\/pages\/3302\" \/>\r\n\t<div class=\"um-col-alt\">\r\n\r\n\t\t\r\n\r\n\t\t\t<div class=\"um-field um-field-c\">\r\n\t\t\t\t<div class=\"um-field-area\">\r\n\t\t\t\t\t<label class=\"um-field-checkbox \">\r\n\t\t\t\t\t\t<input type=\"checkbox\" name=\"rememberme\" value=\"1\"  \/>\r\n\t\t\t\t\t\t<span class=\"um-field-checkbox-state\"><i class=\"um-icon-android-checkbox-outline-blank\"><\/i><\/span>\r\n\t\t\t\t\t\t<span class=\"um-field-checkbox-option\"> Keep me signed in<\/span>\r\n\t\t\t\t\t<\/label>\r\n\t\t\t\t<\/div>\r\n\t\t\t<\/div>\r\n\r\n\t\t\t\t\t\t<div class=\"um-clear\"><\/div>\r\n\t\t\r\n\t\t\t<div class=\"um-left um-half\">\r\n\t\t\t\t<input type=\"submit\" value=\"Login\" class=\"um-button\" id=\"um-submit-btn\" \/>\r\n\t\t\t<\/div>\r\n\t\t\t<div class=\"um-right um-half\">\r\n\t\t\t\t<a href=\"https:\/\/www.servicetrace.com\/de\/sign-up\/\" class=\"um-button um-alt\">\r\n\t\t\t\t\tRegister\t\t\t\t<\/a>\r\n\t\t\t<\/div>\r\n\r\n\t\t\r\n\t\t<div class=\"um-clear\"><\/div>\r\n\r\n\t<\/div>\r\n\r\n\t\r\n\t<div class=\"um-col-alt-b\">\r\n\t\t<a href=\"https:\/\/www.servicetrace.com\/password-reset\/\" class=\"um-link-alt\">\r\n\t\t\tForgot your password?\t\t<\/a>\r\n\t<\/div>\r\n\r\n\t\r\n\t\t<\/form>\r\n\r\n\t<\/div>\r\n\r\n<\/div><style type=\"text\/css\">\r\n.um-3614.um {\r\n\tmax-width: 450px;\r\n}<\/style>\r\n<br \/>\n[\/vc_column_text][\/vc_column][\/vc_row]<\/p>\n","protected":false},"excerpt":{"rendered":"<p>[vc_row][vc_column width=&#8221;1\/2&#8243;][vc_custom_heading text_color=&#8221;color-rpa&#8221; separator=&#8221;under&#8221; separator_color=&#8221;yes&#8221; sub_lead=&#8221;yes&#8221;]Sie betreten einen gesch\u00fctzten Bereich.[\/vc_custom_heading][vc_column_text]Das Kundenportal ist ein gesch\u00fctzter Bereich ausschlie\u00dflich f\u00fcr Kunden und Partner. [&hellip;]<\/p>\n","protected":false},"author":2,"featured_media":0,"parent":0,"menu_order":30,"comment_status":"closed","ping_status":"closed","template":"","meta":[],"yoast_head":"<!-- This site is optimized with the Yoast SEO Premium plugin v16.8 (Yoast SEO v16.8) - https:\/\/yoast.com\/wordpress\/plugins\/seo\/ -->\n<title>Login | Servicetrace<\/title>\n<meta name=\"robots\" content=\"noindex, nofollow\" \/>\n<meta property=\"og:locale\" content=\"de_DE\" \/>\n<meta property=\"og:type\" content=\"article\" \/>\n<meta property=\"og:title\" content=\"Login\" \/>\n<meta property=\"og:description\" content=\"[vc_row][vc_column width=&#8221;1\/2&#8243;][vc_custom_heading text_color=&#8221;color-rpa&#8221; separator=&#8221;under&#8221; separator_color=&#8221;yes&#8221; sub_lead=&#8221;yes&#8221;]Sie betreten einen gesch\u00fctzten Bereich.[\/vc_custom_heading][vc_column_text]Das Kundenportal ist ein gesch\u00fctzter Bereich ausschlie\u00dflich f\u00fcr Kunden und Partner. [&hellip;]\" \/>\n<meta property=\"og:url\" content=\"https:\/\/www.servicetrace.com\/de\/login\/\" \/>\n<meta property=\"og:site_name\" content=\"Servicetrace\" \/>\n<meta property=\"article:modified_time\" content=\"2022-04-27T14:37:34+00:00\" \/>\n<meta name=\"twitter:card\" content=\"summary_large_image\" \/>\n<meta name=\"twitter:label1\" content=\"Est. reading time\" \/>\n\t<meta name=\"twitter:data1\" content=\"1 minute\" \/>\n<script type=\"application\/ld+json\" class=\"yoast-schema-graph\">{\"@context\":\"https:\/\/schema.org\",\"@graph\":[{\"@type\":\"Organization\",\"@id\":\"https:\/\/www.servicetrace.com\/#organization\",\"name\":\"Servicetrace\",\"url\":\"https:\/\/www.servicetrace.com\/\",\"sameAs\":[\"https:\/\/www.linkedin.com\/company\/servicetrace\/\",\"https:\/\/www.youtube.com\/c\/ServiceTraceGmbHDarmstadt\"],\"logo\":{\"@type\":\"ImageObject\",\"@id\":\"https:\/\/www.servicetrace.com\/#logo\",\"inLanguage\":\"de-DE\",\"url\":\"https:\/\/www.servicetrace.com\/wp-content\/uploads\/2020\/09\/servicetrace-black-logo.png\",\"contentUrl\":\"https:\/\/www.servicetrace.com\/wp-content\/uploads\/2020\/09\/servicetrace-black-logo.png\",\"width\":1646,\"height\":332,\"caption\":\"Servicetrace\"},\"image\":{\"@id\":\"https:\/\/www.servicetrace.com\/#logo\"}},{\"@type\":\"WebSite\",\"@id\":\"https:\/\/www.servicetrace.com\/#website\",\"url\":\"https:\/\/www.servicetrace.com\/\",\"name\":\"Servicetrace\",\"description\":\"RPA Software Solutions\",\"publisher\":{\"@id\":\"https:\/\/www.servicetrace.com\/#organization\"},\"potentialAction\":[{\"@type\":\"SearchAction\",\"target\":{\"@type\":\"EntryPoint\",\"urlTemplate\":\"https:\/\/www.servicetrace.com\/?s={search_term_string}\"},\"query-input\":\"required name=search_term_string\"}],\"inLanguage\":\"de-DE\"},{\"@type\":\"WebPage\",\"@id\":\"https:\/\/www.servicetrace.com\/de\/login\/#webpage\",\"url\":\"https:\/\/www.servicetrace.com\/de\/login\/\",\"name\":\"Login | Servicetrace\",\"isPartOf\":{\"@id\":\"https:\/\/www.servicetrace.com\/#website\"},\"datePublished\":\"2020-10-29T10:00:55+00:00\",\"dateModified\":\"2022-04-27T14:37:34+00:00\",\"breadcrumb\":{\"@id\":\"https:\/\/www.servicetrace.com\/de\/login\/#breadcrumb\"},\"inLanguage\":\"de-DE\",\"potentialAction\":[{\"@type\":\"ReadAction\",\"target\":[\"https:\/\/www.servicetrace.com\/de\/login\/\"]}]},{\"@type\":\"BreadcrumbList\",\"@id\":\"https:\/\/www.servicetrace.com\/de\/login\/#breadcrumb\",\"itemListElement\":[{\"@type\":\"ListItem\",\"position\":1,\"name\":\"Home\",\"item\":\"https:\/\/www.servicetrace.com\/de\/\"},{\"@type\":\"ListItem\",\"position\":2,\"name\":\"Login\"}]}]}<\/script>\n<!-- \/ Yoast SEO Premium plugin. -->","yoast_head_json":{"title":"Login | Servicetrace","robots":{"index":"noindex","follow":"nofollow"},"og_locale":"de_DE","og_type":"article","og_title":"Login","og_description":"[vc_row][vc_column width=&#8221;1\/2&#8243;][vc_custom_heading text_color=&#8221;color-rpa&#8221; separator=&#8221;under&#8221; separator_color=&#8221;yes&#8221; sub_lead=&#8221;yes&#8221;]Sie betreten einen gesch\u00fctzten Bereich.[\/vc_custom_heading][vc_column_text]Das Kundenportal ist ein gesch\u00fctzter Bereich ausschlie\u00dflich f\u00fcr Kunden und Partner. [&hellip;]","og_url":"https:\/\/www.servicetrace.com\/de\/login\/","og_site_name":"Servicetrace","article_modified_time":"2022-04-27T14:37:34+00:00","twitter_card":"summary_large_image","twitter_misc":{"Est. reading time":"1 minute"},"schema":{"@context":"https:\/\/schema.org","@graph":[{"@type":"Organization","@id":"https:\/\/www.servicetrace.com\/#organization","name":"Servicetrace","url":"https:\/\/www.servicetrace.com\/","sameAs":["https:\/\/www.linkedin.com\/company\/servicetrace\/","https:\/\/www.youtube.com\/c\/ServiceTraceGmbHDarmstadt"],"logo":{"@type":"ImageObject","@id":"https:\/\/www.servicetrace.com\/#logo","inLanguage":"de-DE","url":"https:\/\/www.servicetrace.com\/wp-content\/uploads\/2020\/09\/servicetrace-black-logo.png","contentUrl":"https:\/\/www.servicetrace.com\/wp-content\/uploads\/2020\/09\/servicetrace-black-logo.png","width":1646,"height":332,"caption":"Servicetrace"},"image":{"@id":"https:\/\/www.servicetrace.com\/#logo"}},{"@type":"WebSite","@id":"https:\/\/www.servicetrace.com\/#website","url":"https:\/\/www.servicetrace.com\/","name":"Servicetrace","description":"RPA Software Solutions","publisher":{"@id":"https:\/\/www.servicetrace.com\/#organization"},"potentialAction":[{"@type":"SearchAction","target":{"@type":"EntryPoint","urlTemplate":"https:\/\/www.servicetrace.com\/?s={search_term_string}"},"query-input":"required name=search_term_string"}],"inLanguage":"de-DE"},{"@type":"WebPage","@id":"https:\/\/www.servicetrace.com\/de\/login\/#webpage","url":"https:\/\/www.servicetrace.com\/de\/login\/","name":"Login | Servicetrace","isPartOf":{"@id":"https:\/\/www.servicetrace.com\/#website"},"datePublished":"2020-10-29T10:00:55+00:00","dateModified":"2022-04-27T14:37:34+00:00","breadcrumb":{"@id":"https:\/\/www.servicetrace.com\/de\/login\/#breadcrumb"},"inLanguage":"de-DE","potentialAction":[{"@type":"ReadAction","target":["https:\/\/www.servicetrace.com\/de\/login\/"]}]},{"@type":"BreadcrumbList","@id":"https:\/\/www.servicetrace.com\/de\/login\/#breadcrumb","itemListElement":[{"@type":"ListItem","position":1,"name":"Home","item":"https:\/\/www.servicetrace.com\/de\/"},{"@type":"ListItem","position":2,"name":"Login"}]}]}},"_links":{"self":[{"href":"https:\/\/www.servicetrace.com\/de\/wp-json\/wp\/v2\/pages\/3302"}],"collection":[{"href":"https:\/\/www.servicetrace.com\/de\/wp-json\/wp\/v2\/pages"}],"about":[{"href":"https:\/\/www.servicetrace.com\/de\/wp-json\/wp\/v2\/types\/page"}],"author":[{"embeddable":true,"href":"https:\/\/www.servicetrace.com\/de\/wp-json\/wp\/v2\/users\/2"}],"replies":[{"embeddable":true,"href":"https:\/\/www.servicetrace.com\/de\/wp-json\/wp\/v2\/comments?post=3302"}],"version-history":[{"count":5,"href":"https:\/\/www.servicetrace.com\/de\/wp-json\/wp\/v2\/pages\/3302\/revisions"}],"predecessor-version":[{"id":12647,"href":"https:\/\/www.servicetrace.com\/de\/wp-json\/wp\/v2\/pages\/3302\/revisions\/12647"}],"wp:attachment":[{"href":"https:\/\/www.servicetrace.com\/de\/wp-json\/wp\/v2\/media?parent=3302"}],"curies":[{"name":"wp","href":"https:\/\/api.w.org\/{rel}","templated":true}]}}