{"id":12427,"date":"2022-02-09T08:06:45","date_gmt":"2022-02-09T08:06:45","guid":{"rendered":"https:\/\/www.servicetrace.com\/?page_id=12427"},"modified":"2023-02-17T10:11:28","modified_gmt":"2023-02-17T10:11:28","slug":"servicetrace-customer-faq","status":"publish","type":"page","link":"https:\/\/www.servicetrace.com\/de\/servicetrace-customer-faq\/","title":{"rendered":"Servicetrace Customer FAQ"},"content":{"rendered":"<p>[vc_row][vc_column width=&#8221;1\/1&#8243;][vc_accordion active_tab=&#8221;0&#8243;][vc_accordion_tab title=&#8221;UPDATE: APM mit MuleSoft RPA.&#8221; tab_id=&#8221;1658467675315-10-8&#8243;][vc_column_text]<\/p>\n<h3><strong>Cloud-L\u00f6sung<\/strong><\/h3>\n<p><strong>Wird es neben der Cloud- eine On-Prem-L\u00f6sung geben?<\/strong><\/p>\n<p>MuleSoft bietet MuleSoft RPA als Cloud-Service an. Es ist nicht m\u00f6glich, RPA Manager on premises zu installieren.<\/p>\n<p><strong>Wo steht die AWS-Cloud?<\/strong><\/p>\n<p>MuleSoft bietet Rechenzentren in AMER und EU an. Kund:innen k\u00f6nnen sich f\u00fcr die Bereitstellung in einer dieser 2 Regionen entscheiden.<\/p>\n<p><strong>Wie sieht es mit der Verf\u00fcgbarkeit der AWS-Cloud aus?<\/strong><\/p>\n<p>Die AWS-Cloud ist hochverf\u00fcgbar. Die Richtlinien von AWS schreiben nicht mehr als 5 Minuten ungeplante Downtime pro Jahr vor.<\/p>\n<p><strong>K\u00f6nnen wir neben AWS auch Azure als Cloudanbieter in Betracht ziehen?<\/strong><\/p>\n<p>Nein. MuleSoft nutzt ausschlie\u00dflich AWS als IaaS-Anbieter.<\/p>\n<h3>Bot-Server-Connection<\/h3>\n<p><strong>Was passiert, wenn die Verbindung zwischen Bot und Server unterbrochen wird?<\/strong><\/p>\n<p>Der MuleSoft RPA Bot ben\u00f6tigt eine permanente Verbindung zum Server, um RPA-Automatisierungsaktivit\u00e4ten zu verarbeiten. Mit der hochverf\u00fcgbaren AWS-Cloud ist ein anbieterseitiger Server-Ausfall unwahrscheinlich. Bei kund:innenseitigen Netzwerkproblemen werden f\u00fcr die Dauer der Unterbrechung keine Messdaten an den Kund:innenstandorten erhoben.<\/p>\n<h3><strong>Alerting, Reporting, Dashboard: Anbindung an 3rd Party Solutions<\/strong><\/h3>\n<p><strong>Die Servicetrace-Module f\u00fcr Dashboard, Reporting und Alerting werden eingestellt. Wird es Standard-Schnittstellen zu entsprechenden 3rd Party Tools geben?<\/strong><\/p>\n<p>MuleSoft RPA enth\u00e4lt einige Standard-Dashboards f\u00fcr das Tracking der Automatisierungen. Diese sind nicht f\u00fcr APM-Szenarien ausgelegt und MuleSoft beabsichtigt nicht, APM-spezifische Dashboards zu erstellen. Wenn sich APM-Kunden f\u00fcr MuleSoft RPA entscheiden, k\u00f6nnen sie die Checkpoint Action Steps nutzen und eine benutzerdefinierte Integration mit ihrem bevorzugten Enterprise APM\/Monitoring-Tool durchf\u00fchren.<\/p>\n<h3>Workflow Studio und RPA Builder im Vergleich<\/h3>\n<p><strong>Was unterscheidet den neuen RPA Builder vom Workflow Studio? Bleibt der Funktionsumfang erhalten?<\/strong><\/p>\n<p>MuleSoft RPA Builder nutzt die gleiche Technologie wie APM Workflow Studio. Die verf\u00fcgbaren Action Steps in MuleSoft RPA sind jedoch nicht vollst\u00e4ndig identisch mit den Action Steps in Servicetrace APM. Beim Redesign von Servicetrace X1 hat MuleSoft einige Action Steps, wie z.B. &#8220;External Scripting&#8221;, vor allem aus Sicherheitsgr\u00fcnden eingestellt. Einige dieser abgek\u00fcndigten Funktionalit\u00e4ten k\u00f6nnen mit Hilfe anderer Komponenten des MuleSoft Automation Bundles, etwa Anypoint, implementiert werden.<\/p>\n<h3>Verdeckte und parallele Messungen \u00fcber TSPlus<\/h3>\n<p><strong>K\u00f6nnen Kunden auch zuk\u00fcnftig \u00fcber TSPlus verdeckt und parallel messen?<\/strong><\/p>\n<p>MuleSoft wird bestehende Servicetrace X1 und APM Produkte weiterhin mit TSPlus unterst\u00fctzen. Mit MuleSoft RPA wird TSPlus allerdings nicht mehr standardm\u00e4\u00dfig ausgeliefert. Kund:innen k\u00f6nnen TSPlus weiterhin f\u00fcr mehrere parallele Sessions innerhalb eines Windows-Betriebssystems nutzen, doch wird dies nicht von MuleSoft unterst\u00fctzt.<\/p>\n<h3>Mandantenf\u00e4higkeit<\/h3>\n<p><strong>Ist die neue L\u00f6sung mandantenf\u00e4hig? Gerade f\u00fcr Service Provider mit mehreren unabh\u00e4ngigen Kunden ist die Funktion der Mandantentrennung zwingend erforderlich.<\/strong><\/p>\n<p>MuleSoft RPA ist ein multimandantenf\u00e4higer Service. Jeder\/m Kunden\/in wird ein Tenant zugewiesen, der auf den Bedarf des\/der Kunden\/in angepasst wird.<\/p>\n<h3>Lizenzierung<\/h3>\n<p><strong>Nach welchem Modell wird die neue L\u00f6sung lizensiert?<\/strong><\/p>\n<p>MuleSoft RPA basiert auf einem verbrauchsbasierten Modell. Bitte wenden Sie sich an Ihren Account Executive f\u00fcr weitere Details.<\/p>\n<h3>Migration<\/h3>\n<p><strong>Wird es ein Migrationstool f\u00fcr die einfache Mitnahme der bestehenden APM-Workflows geben?<\/strong><\/p>\n<p>Kund:innen k\u00f6nnen pr\u00fcfen, ob ihre APM-Anwendungsf\u00e4lle mit MuleSoft RPA gel\u00f6st werden k\u00f6nnen. Es gibt jedoch keinen Migration Path f\u00fcr die Migration von Servicetrace APM-Projekten zu MuleSoft RPA.<\/p>\n<p><strong>Was passiert mit den historischen Messdaten?<\/strong><\/p>\n<p>Es gibt keinen Migrationspfad von Servicetrace APM zu MuleSoft RPA. Die historischen Messdaten werden in Ihren Servicetrace APM-Installationen verbleiben.<\/p>\n<h5>Noch Fragen?<\/h5>\n<p><strong>Bitte wenden Sie sich f\u00fcr weitere Informationen an Ihren Kundenbetreuer.<\/strong>[\/vc_column_text][\/vc_accordion_tab][vc_accordion_tab title=&#8221;Ist meine Servicetrace-L\u00f6sung in der zuk\u00fcnftigen MuleSoft-Produktstrategie enthalten?&#8221; tab_id=&#8221;1644393651400-6-9&#8243;][vc_column_text]<b>X1\u00a0<\/b><\/p>\n<p>Zusammen mit MuleSoft bringen wir RPA auf den n\u00e4chsten Level und stellen eine marktf\u00fchrende Plattform f\u00fcr Hyperautomatisierung bereit. Servicetrace X1 wurde im Rahmen der Umstrukturierung als cloud-basierte L\u00f6sung unter dem Namen MuleSoft RPA (Teil des MuleSoft Automation Bundles) in den Markt eingef\u00fchrt. MuleSoft Automation ist seit dem 1. August 2022 verf\u00fcgbar und b\u00fcndelt mehrere Funktionen aus den Bereichen RPA, Integration und API-Management. MuleSoft RPA erg\u00e4nzt MuleSofts Vision einer umfassenden Automatisierungsl\u00f6sung. Servicetrace X1-Kund:innen k\u00f6nnen ihre X1-Automatisierungsprojekte in MuleSoft RPA (ein integraler Bestandteil des MuleSoft Automation Bundles) migrieren.<\/p>\n<p>Das offizielle End of Life f\u00fcr Servicetrace X1 ist der 31. Januar 2024. Servicetrace X1-Kund:innen sollten vor diesem Datum von Servicetrace X1 auf MuleSoft RPA migrieren. Kund:innen oder Partner, deren Vertr\u00e4ge nach dem 31. Januar 2024 auslaufen, werden wir direkt kontaktieren. Nach Vertragsablauf k\u00f6nnen wir keinen Produktsupport mehr f\u00fcr Servicetrace X1 anbieten.<\/p>\n<p><b>APM<\/b><\/p>\n<p>Die Vision von MuleSoft Automation b\u00fcndelt mit RPA, Integration und API Management mehrere Automatisierungsfunktionen. APM-Funktionen sind nicht enthalten. Das offizielle End of Life f\u00fcr Servicetrace APM ist der 31. Januar 2024. Kund:innen oder Partner, deren Vertr\u00e4ge nach dem 31. Januar 2024 auslaufen, kontaktieren wir direkt. Nach Vertragsablauf k\u00f6nnen wir keinen Produktsupport mehr f\u00fcr Servicetrace APM anbieten.<\/p>\n<p>Wir werden die Produkte weiterhin gem\u00e4\u00df Ihren bestehenden Vertr\u00e4gen warten und supporten.<\/p>\n<p><b>TA<\/b><\/p>\n<p>Wir werden unser Produkt Servicetrace TA nicht l\u00e4nger anbieten.<\/p>\n<p>Das offizielle End of Life f\u00fcr die TA-L\u00f6sung war der 31. Juli 2022. MuleSoft wird jedoch bestehende Vertr\u00e4ge, die \u00fcber das EOL hinausgehen, erf\u00fcllen und Kund:innen entsprechend unterst\u00fctzen. Nach Vertragsende wird MuleSoft keinen Support mehr f\u00fcr TA anbieten.[\/vc_column_text][\/vc_accordion_tab][vc_accordion_tab title=&#8221;Wie lange wird meine Servicetrace-L\u00f6sung unterst\u00fctzt \/ gewartet?&#8221; tab_id=&#8221;1644392648-1-66&#8243;][vc_column_text]Wir bieten Support f\u00fcr Ihre Servicetrace-L\u00f6sung w\u00e4hrend der gesamten Laufzeit Ihres aktuellen Lizenzvertrags. Das beinhaltet die Bereitstellung von Service-Releases mit Severity-1-Bugfixes, die Behebung von Sicherheitsl\u00fccken und den Zugang zum ST-Supportkanal. Es wird jedoch keine weitere Entwicklung hinsichtlich neuer Features oder Funktionen geben.[\/vc_column_text][\/vc_accordion_tab][vc_accordion_tab title=&#8221;Kann ich den Vertrag \/ Vertr\u00e4ge f\u00fcr meine aktuelle Servicetrace-L\u00f6sung verl\u00e4ngern oder zus\u00e4tzliche Lizenzen erwerben?&#8221; tab_id=&#8221;1644392648-2-19&#8243;][vc_column_text]<strong>X1<\/strong><\/p>\n<p>Servicetrace X1-Kund:innen k\u00f6nnen die Wartung und den Support verl\u00e4ngern, bis das \u00f6ffentliche End-of-Life-Datum f\u00fcr Servicetrace X1 erreicht ist. Es ist nicht m\u00f6glich, neue Lizenzen zu den bestehenden Vertr\u00e4gen hinzuzuf\u00fcgen. Kund:innen sollten eine Vertragsverl\u00e4ngerung f\u00fcr MuleSoft RPA als Nachfolgel\u00f6sung f\u00fcr Servicetrace X1 in Betracht ziehen.<\/p>\n<p><strong>APM<\/strong><\/p>\n<p>Servictrace APM-Kund:innen k\u00f6nnen Wartung und Support verl\u00e4ngern, bis das offizielle End of Life-Datum erreicht ist. Es ist nicht m\u00f6glich, neue Lizenzen zu den bestehenden Vertr\u00e4gen hinzuzuf\u00fcgen.<\/p>\n<p><strong>TA<\/strong><\/p>\n<p>Die Produktlebensdauer von Servicetrace TA ist bereits abgelaufen und eine Verl\u00e4ngerung ist nicht m\u00f6glich.[\/vc_column_text][\/vc_accordion_tab][vc_accordion_tab title=&#8221;Kann ich weiterhin Consulting Services zukaufen?&#8221; tab_id=&#8221;1644913747239-9-0&#8243;][vc_column_text]Bestehende, vereinbarte Consulting-Vertr\u00e4ge werden wir erf\u00fcllen.<\/p>\n<p>Neue Consulting-Services werden jedoch nur in Ausnahmef\u00e4llen f\u00fcr bestehende RPA- und APM-Kunden angeboten. Bitte wenden Sie f\u00fcr diesbez\u00fcgliche Anfragen an Ihren Servicetrace-Kontakt.[\/vc_column_text][\/vc_accordion_tab][vc_accordion_tab title=&#8221;Kann ich meine bestehende Servicetrace-L\u00f6sung in die MuleSoft-Umgebung migrieren?&#8221; tab_id=&#8221;1644393830578-7-10&#8243;][vc_column_text]<b>X1<\/b><\/p>\n<p>Servicetrace X1-Kunden k\u00f6nnen direkt auf die cloudbasierte L\u00f6sung MuleSoft RPA umsteigen. MuleSoft RPA ist Teil des MuleSoft Automation Bundle, das zus\u00e4tzlich die Integrationskomponenten Composer und Anypoint enth\u00e4lt. MuleSoft RPA ist ein integraler Bestandteil der MuleSoft Automation-Strategie und ein Produkt, in das MuleSoft weiter investieren wird. F\u00fcr Servicetrace X1-Kund:innen, die zu MuleSoft RPA migrieren m\u00f6chten, stehen Migrations-Services und -Richtlinien zur Verf\u00fcgung. Ihr Account Executive kann Ihnen dabei helfen, diesen Prozess intern anzusto\u00dfen.<\/p>\n<p><b>APM<\/b><\/p>\n<p>Die Servicetrace APM-L\u00f6sung wird von MuleSoft nicht weitergef\u00fchrt. Daher gibt es keine Migration von Servicetrace APM zu einer zuk\u00fcnftig unterst\u00fctzten L\u00f6sung. MuleSoft RPA unterst\u00fctzt m\u00f6glicherweise einige APM-Anwendungsf\u00e4lle. Kund:innen k\u00f6nnen pr\u00fcfen, ob dies eine Option f\u00fcr sie ist. Beachten Sie dabei, dass zwar einige Anwendungsf\u00e4lle in MuleSoft RPA technisch machbar sind, APM aber nicht Teil von MuleSofts Automation Vision und Roadmap ist.<\/p>\n<p><b>TA<\/b><\/p>\n<p>F\u00fcr Servicetrace TA gibt es keine Nachfolgel\u00f6sung und das End of Life war der 31. Juli 2022.[\/vc_column_text][\/vc_accordion_tab][vc_accordion_tab title=&#8221;Wo kann ich Setups und Dokumentation f\u00fcr meine aktuelle Servictrace-L\u00f6sung herunterladen?&#8221; tab_id=&#8221;1644393519633-4-4&#8243;][vc_column_text]<span style=\"font-weight: 400;\">Sie k\u00f6nnen Ihre Servicetrace-Software im <\/span><a href=\"\/de\/kunden-portal\"><span style=\"font-weight: 400;\">Servicetrace-Kundenportal<\/span><\/a><span style=\"font-weight: 400;\"> herunterladen. Wir werden Sie benachrichtigen, wenn es \u00c4nderungen gibt. <\/span>[\/vc_column_text][\/vc_accordion_tab][vc_accordion_tab title=&#8221;Wer ist jetzt f\u00fcr meine laufenden Projekte zust\u00e4ndig? An wen kann ich mich bei technischen oder vertraglichen Fragen wenden?&#8221; tab_id=&#8221;1644393583929-5-1&#8243;][vc_column_text]<span style=\"font-weight: 400;\">Sie k\u00f6nnen weiterhin \u00fcber das <\/span><a href=\"https:\/\/servicetrace.atlassian.net\/servicedesk\/customer\/portal\/3\/user\/login?destination=portal%2F3\"><span style=\"font-weight: 400;\">Servicetrace Support Portal<\/span><\/a><span style=\"font-weight: 400;\">\u00a0auf den Support zugreifen. F\u00fcr andere Anfragen k\u00f6nnen Sie sich direkt an Ihren Kundenbetreuer wenden.<\/span>[\/vc_column_text][\/vc_accordion_tab][\/vc_accordion][\/vc_column][\/vc_row]<\/p>\n","protected":false},"excerpt":{"rendered":"<p>[vc_row][vc_column width=&#8221;1\/1&#8243;][vc_accordion active_tab=&#8221;0&#8243;][vc_accordion_tab title=&#8221;UPDATE: APM mit MuleSoft RPA.&#8221; tab_id=&#8221;1658467675315-10-8&#8243;][vc_column_text] Cloud-L\u00f6sung Wird es neben der Cloud- eine On-Prem-L\u00f6sung geben? MuleSoft bietet [&hellip;]<\/p>\n","protected":false},"author":2,"featured_media":0,"parent":0,"menu_order":0,"comment_status":"closed","ping_status":"closed","template":"","meta":[],"yoast_head":"<!-- This site is optimized with the Yoast SEO Premium plugin v16.8 (Yoast SEO v16.8) - https:\/\/yoast.com\/wordpress\/plugins\/seo\/ -->\n<title>Servicetrace Customer FAQ | Servicetrace<\/title>\n<meta name=\"robots\" content=\"noindex, nofollow\" \/>\n<meta property=\"og:locale\" content=\"de_DE\" \/>\n<meta property=\"og:type\" content=\"article\" \/>\n<meta property=\"og:title\" content=\"Servicetrace Customer FAQ\" \/>\n<meta property=\"og:description\" content=\"[vc_row][vc_column width=&#8221;1\/1&#8243;][vc_accordion active_tab=&#8221;0&#8243;][vc_accordion_tab title=&#8221;UPDATE: APM mit MuleSoft RPA.&#8221; tab_id=&#8221;1658467675315-10-8&#8243;][vc_column_text] Cloud-L\u00f6sung Wird es neben der Cloud- eine On-Prem-L\u00f6sung geben? MuleSoft bietet [&hellip;]\" \/>\n<meta property=\"og:url\" content=\"https:\/\/www.servicetrace.com\/de\/servicetrace-customer-faq\/\" \/>\n<meta property=\"og:site_name\" content=\"Servicetrace\" \/>\n<meta property=\"article:modified_time\" content=\"2023-02-17T10:11:28+00:00\" \/>\n<meta name=\"twitter:card\" content=\"summary_large_image\" \/>\n<meta name=\"twitter:label1\" content=\"Est. reading time\" \/>\n\t<meta name=\"twitter:data1\" content=\"6 minutes\" \/>\n<script type=\"application\/ld+json\" class=\"yoast-schema-graph\">{\"@context\":\"https:\/\/schema.org\",\"@graph\":[{\"@type\":\"Organization\",\"@id\":\"https:\/\/www.servicetrace.com\/#organization\",\"name\":\"Servicetrace\",\"url\":\"https:\/\/www.servicetrace.com\/\",\"sameAs\":[\"https:\/\/www.linkedin.com\/company\/servicetrace\/\",\"https:\/\/www.youtube.com\/c\/ServiceTraceGmbHDarmstadt\"],\"logo\":{\"@type\":\"ImageObject\",\"@id\":\"https:\/\/www.servicetrace.com\/#logo\",\"inLanguage\":\"de-DE\",\"url\":\"https:\/\/www.servicetrace.com\/wp-content\/uploads\/2020\/09\/servicetrace-black-logo.png\",\"contentUrl\":\"https:\/\/www.servicetrace.com\/wp-content\/uploads\/2020\/09\/servicetrace-black-logo.png\",\"width\":1646,\"height\":332,\"caption\":\"Servicetrace\"},\"image\":{\"@id\":\"https:\/\/www.servicetrace.com\/#logo\"}},{\"@type\":\"WebSite\",\"@id\":\"https:\/\/www.servicetrace.com\/#website\",\"url\":\"https:\/\/www.servicetrace.com\/\",\"name\":\"Servicetrace\",\"description\":\"RPA Software Solutions\",\"publisher\":{\"@id\":\"https:\/\/www.servicetrace.com\/#organization\"},\"potentialAction\":[{\"@type\":\"SearchAction\",\"target\":{\"@type\":\"EntryPoint\",\"urlTemplate\":\"https:\/\/www.servicetrace.com\/?s={search_term_string}\"},\"query-input\":\"required name=search_term_string\"}],\"inLanguage\":\"de-DE\"},{\"@type\":\"WebPage\",\"@id\":\"https:\/\/www.servicetrace.com\/de\/servicetrace-customer-faq\/#webpage\",\"url\":\"https:\/\/www.servicetrace.com\/de\/servicetrace-customer-faq\/\",\"name\":\"Servicetrace Customer FAQ | Servicetrace\",\"isPartOf\":{\"@id\":\"https:\/\/www.servicetrace.com\/#website\"},\"datePublished\":\"2022-02-09T08:06:45+00:00\",\"dateModified\":\"2023-02-17T10:11:28+00:00\",\"breadcrumb\":{\"@id\":\"https:\/\/www.servicetrace.com\/de\/servicetrace-customer-faq\/#breadcrumb\"},\"inLanguage\":\"de-DE\",\"potentialAction\":[{\"@type\":\"ReadAction\",\"target\":[\"https:\/\/www.servicetrace.com\/de\/servicetrace-customer-faq\/\"]}]},{\"@type\":\"BreadcrumbList\",\"@id\":\"https:\/\/www.servicetrace.com\/de\/servicetrace-customer-faq\/#breadcrumb\",\"itemListElement\":[{\"@type\":\"ListItem\",\"position\":1,\"name\":\"Home\",\"item\":\"https:\/\/www.servicetrace.com\/de\/\"},{\"@type\":\"ListItem\",\"position\":2,\"name\":\"Servicetrace Customer FAQ\"}]}]}<\/script>\n<!-- \/ Yoast SEO Premium plugin. -->","yoast_head_json":{"title":"Servicetrace Customer FAQ | Servicetrace","robots":{"index":"noindex","follow":"nofollow"},"og_locale":"de_DE","og_type":"article","og_title":"Servicetrace Customer FAQ","og_description":"[vc_row][vc_column width=&#8221;1\/1&#8243;][vc_accordion active_tab=&#8221;0&#8243;][vc_accordion_tab title=&#8221;UPDATE: APM mit MuleSoft RPA.&#8221; tab_id=&#8221;1658467675315-10-8&#8243;][vc_column_text] Cloud-L\u00f6sung Wird es neben der Cloud- eine On-Prem-L\u00f6sung geben? MuleSoft bietet [&hellip;]","og_url":"https:\/\/www.servicetrace.com\/de\/servicetrace-customer-faq\/","og_site_name":"Servicetrace","article_modified_time":"2023-02-17T10:11:28+00:00","twitter_card":"summary_large_image","twitter_misc":{"Est. reading time":"6 minutes"},"schema":{"@context":"https:\/\/schema.org","@graph":[{"@type":"Organization","@id":"https:\/\/www.servicetrace.com\/#organization","name":"Servicetrace","url":"https:\/\/www.servicetrace.com\/","sameAs":["https:\/\/www.linkedin.com\/company\/servicetrace\/","https:\/\/www.youtube.com\/c\/ServiceTraceGmbHDarmstadt"],"logo":{"@type":"ImageObject","@id":"https:\/\/www.servicetrace.com\/#logo","inLanguage":"de-DE","url":"https:\/\/www.servicetrace.com\/wp-content\/uploads\/2020\/09\/servicetrace-black-logo.png","contentUrl":"https:\/\/www.servicetrace.com\/wp-content\/uploads\/2020\/09\/servicetrace-black-logo.png","width":1646,"height":332,"caption":"Servicetrace"},"image":{"@id":"https:\/\/www.servicetrace.com\/#logo"}},{"@type":"WebSite","@id":"https:\/\/www.servicetrace.com\/#website","url":"https:\/\/www.servicetrace.com\/","name":"Servicetrace","description":"RPA Software Solutions","publisher":{"@id":"https:\/\/www.servicetrace.com\/#organization"},"potentialAction":[{"@type":"SearchAction","target":{"@type":"EntryPoint","urlTemplate":"https:\/\/www.servicetrace.com\/?s={search_term_string}"},"query-input":"required name=search_term_string"}],"inLanguage":"de-DE"},{"@type":"WebPage","@id":"https:\/\/www.servicetrace.com\/de\/servicetrace-customer-faq\/#webpage","url":"https:\/\/www.servicetrace.com\/de\/servicetrace-customer-faq\/","name":"Servicetrace Customer FAQ | Servicetrace","isPartOf":{"@id":"https:\/\/www.servicetrace.com\/#website"},"datePublished":"2022-02-09T08:06:45+00:00","dateModified":"2023-02-17T10:11:28+00:00","breadcrumb":{"@id":"https:\/\/www.servicetrace.com\/de\/servicetrace-customer-faq\/#breadcrumb"},"inLanguage":"de-DE","potentialAction":[{"@type":"ReadAction","target":["https:\/\/www.servicetrace.com\/de\/servicetrace-customer-faq\/"]}]},{"@type":"BreadcrumbList","@id":"https:\/\/www.servicetrace.com\/de\/servicetrace-customer-faq\/#breadcrumb","itemListElement":[{"@type":"ListItem","position":1,"name":"Home","item":"https:\/\/www.servicetrace.com\/de\/"},{"@type":"ListItem","position":2,"name":"Servicetrace Customer FAQ"}]}]}},"_links":{"self":[{"href":"https:\/\/www.servicetrace.com\/de\/wp-json\/wp\/v2\/pages\/12427"}],"collection":[{"href":"https:\/\/www.servicetrace.com\/de\/wp-json\/wp\/v2\/pages"}],"about":[{"href":"https:\/\/www.servicetrace.com\/de\/wp-json\/wp\/v2\/types\/page"}],"author":[{"embeddable":true,"href":"https:\/\/www.servicetrace.com\/de\/wp-json\/wp\/v2\/users\/2"}],"replies":[{"embeddable":true,"href":"https:\/\/www.servicetrace.com\/de\/wp-json\/wp\/v2\/comments?post=12427"}],"version-history":[{"count":17,"href":"https:\/\/www.servicetrace.com\/de\/wp-json\/wp\/v2\/pages\/12427\/revisions"}],"predecessor-version":[{"id":12828,"href":"https:\/\/www.servicetrace.com\/de\/wp-json\/wp\/v2\/pages\/12427\/revisions\/12828"}],"wp:attachment":[{"href":"https:\/\/www.servicetrace.com\/de\/wp-json\/wp\/v2\/media?parent=12427"}],"curies":[{"name":"wp","href":"https:\/\/api.w.org\/{rel}","templated":true}]}}